{"id":1053,"date":"2017-09-05T16:52:57","date_gmt":"2017-09-05T19:52:57","guid":{"rendered":"http:\/\/scet.ect.ufrn.br\/?page_id=1053"},"modified":"2018-09-20T14:23:42","modified_gmt":"2018-09-20T17:23:42","slug":"certificados","status":"publish","type":"page","link":"https:\/\/scet.ect.ufrn.br\/2018\/index.php\/certificados\/","title":{"rendered":"V Semana de Ci\u00eancias e Tecnologia \u2013 2017"},"content":{"rendered":"<p>Para baix\u00e1-los \u00e9 necess\u00e1rio seguir os passos a seguir:<\/p>\n<p style=\"padding-left: 30px;\">1. Acesse o link correspondente \u00e0 sua atividade:<\/p>\n<p style=\"padding-left: 30px;\"><span style=\"padding-left: 30px;\"><a href=\"https:\/\/drive.google.com\/drive\/folders\/0B_ACMk5fPN8oM0tTOGFzejZiSms?usp=sha ring\" target=\"_blank\"><button style=\"text-align: center; width: 415px;\">Certificados de participa\u00e7\u00e3o<\/button><\/a> <span style=\"font-size: 12px;\">(Palestras, Mostras, Abertura, Encerramento, Minicursos, Sess\u00f5es T\u00e9cnicas e ECT cultural)<\/span><\/span><\/p>\n<p style=\"padding-left: 30px;\"><a href=\"https:\/\/drive.google.com\/drive\/folders\/0B_ACMk5fPN8ob0dPVTF5OVdVMk0?usp=s haring\" target=\"_blank\"><span style=\"padding-left: 30px;\"><button style=\"text-align: center; width: 415px;\">Certificados do Desafio No Brain, No Gain<\/button><\/span><\/a><\/p>\n<p style=\"padding-left: 30px;\"><a href=\"https:\/\/drive.google.com\/drive\/folders\/0B_ACMk5fPN8oMVdnZGtoM3gydGs\" target=\"_blank\"><span style=\"padding-left: 30px;\"><button style=\"text-align: center; width: 415px;\">Certificado de apresenta\u00e7\u00e3o de trabalhos<\/button><\/span><\/a><\/p>\n<p style=\"padding-left: 30px;\"><a href=\"https:\/\/drive.google.com\/drive\/folders\/0B_ACMk5fPN8oZklQaHFjVVpmODA?usp=sh aring\" target=\"_blank\"><span style=\"padding-left: 30px;\"><button style=\"text-align: center; width: 415px;\">Certificado de participa\u00e7\u00e3o na comiss\u00e3o organizadora<\/button><\/span><\/a><\/p>\n<p style=\"padding-left: 30px;\">2. Abra o arquivo &#8220;A_listagem_X&#8221; e localize o seu nome e o n\u00famero do arquivo que<br \/>\ncorresponde ao seu certificado (nomes em ordem alfab\u00e9tica).<\/p>\n<p style=\"padding-left: 30px;\">3. Procure e baixe o arquivo com o seu certificado.<\/p>\n","protected":false},"excerpt":{"rendered":"<p>Para baix\u00e1-los \u00e9 necess\u00e1rio seguir os passos a seguir: 1. Acesse o link correspondente \u00e0 sua atividade: Certificados de participa\u00e7\u00e3o (Palestras, Mostras, Abertura, Encerramento, Minicursos, Sess\u00f5es T\u00e9cnicas e ECT cultural) Certificados do Desafio No Brain, No Gain Certificado de apresenta\u00e7\u00e3o&#8230;<\/p>\n","protected":false},"author":1,"featured_media":0,"parent":0,"menu_order":0,"comment_status":"closed","ping_status":"closed","template":"","meta":{"pg_page_styles":[],"advanced_seo_description":"","jetpack_seo_html_title":"","jetpack_seo_noindex":false,"jetpack_post_was_ever_published":false,"footnotes":""},"jetpack_sharing_enabled":true,"jetpack_shortlink":"https:\/\/wp.me\/P8DRDj-gZ","jetpack-related-posts":[{"id":1129,"url":"https:\/\/scet.ect.ufrn.br\/2018\/index.php\/certificados-2018\/","url_meta":{"origin":1053,"position":0},"title":"VI Semana de Ci\u00eancias e Tecnologia &#8211; 2018","author":"comcet","date":"20 de setembro de 2018","format":false,"excerpt":"N\u00c3O DISPON\u00cdVEL Os certificados da VI Semana de Ci\u00eancias e Tecnologia ainda n\u00e3o est\u00e3o dispon\u00edveis.","rel":"","context":"Post similar","block_context":{"text":"Post similar","link":""},"img":{"alt_text":"","src":"","width":0,"height":0},"classes":[]}],"_links":{"self":[{"href":"https:\/\/scet.ect.ufrn.br\/2018\/index.php\/wp-json\/wp\/v2\/pages\/1053"}],"collection":[{"href":"https:\/\/scet.ect.ufrn.br\/2018\/index.php\/wp-json\/wp\/v2\/pages"}],"about":[{"href":"https:\/\/scet.ect.ufrn.br\/2018\/index.php\/wp-json\/wp\/v2\/types\/page"}],"author":[{"embeddable":true,"href":"https:\/\/scet.ect.ufrn.br\/2018\/index.php\/wp-json\/wp\/v2\/users\/1"}],"replies":[{"embeddable":true,"href":"https:\/\/scet.ect.ufrn.br\/2018\/index.php\/wp-json\/wp\/v2\/comments?post=1053"}],"version-history":[{"count":24,"href":"https:\/\/scet.ect.ufrn.br\/2018\/index.php\/wp-json\/wp\/v2\/pages\/1053\/revisions"}],"predecessor-version":[{"id":1136,"href":"https:\/\/scet.ect.ufrn.br\/2018\/index.php\/wp-json\/wp\/v2\/pages\/1053\/revisions\/1136"}],"wp:attachment":[{"href":"https:\/\/scet.ect.ufrn.br\/2018\/index.php\/wp-json\/wp\/v2\/media?parent=1053"}],"curies":[{"name":"wp","href":"https:\/\/api.w.org\/{rel}","templated":true}]}}