{"id":107,"date":"2017-04-17T11:03:53","date_gmt":"2017-04-17T14:03:53","guid":{"rendered":"http:\/\/scet.ect.ufrn.br\/?page_id=107"},"modified":"2018-11-01T19:24:41","modified_gmt":"2018-11-01T21:24:41","slug":"iv-edicao","status":"publish","type":"page","link":"https:\/\/scet.ect.ufrn.br\/2018\/index.php\/iv-edicao\/","title":{"rendered":"IV Edi\u00e7ao"},"content":{"rendered":"<p>Nos dias 10 a 13 de novembro de 2016 \u00a0foi realizado na Escola de Ci\u00eancias e Tecnologia a IV Semana De Ci\u00eancias e Tecnologia.Durante o evento houve uma programa\u00e7\u00e3o variada e entre as atividades realizadas estavam: o I Semin\u00e1rio de meio ambiente e desenvolvimento urbano &#8211; cidades e solu\u00e7\u00f5es, Visita t\u00e9cnica aos laborat\u00f3rios da Engenharia de Materiais, Apresenta\u00e7\u00e3o dos Trabalhos Orais, Oficinas e palestra sobre rob\u00f3tica,Palestra Mobilidade acad\u00eamica Internacional: experi\u00eancias e resultados e a Mesa redonda da EJECT sobre a metodologia SCRUM, al\u00e9m do II Desafio ECT \u2013No Brain, No Gain.<\/p>\n<h2 style=\"text-align: center;\">Galeria de\u00a0Fotos<\/h2>\n\n\t\t<!-- MasterSlider -->\n\t\t<div id=\"P_MS69d6bddf32598\" class=\"master-slider-parent msl ms-parent-id-1\" style=\"max-width:800px;\">\n\n\t\t\t\n\t\t\t<!-- MasterSlider Main -->\n\t\t\t<div id=\"MS69d6bddf32598\" class=\"master-slider ms-skin-default\" >\n\t\t\t\t \t\t\t\t \n\t\t\t\t<div  class=\"ms-slide\" data-delay=\"3\" data-fill-mode=\"fill\"  >\n\t\t\t\t\t<img src=\"https:\/\/i0.wp.com\/scet.ect.ufrn.br\/2018\/wp-content\/plugins\/master-slider\/public\/assets\/css\/blank.gif?w=640&#038;ssl=1\" alt=\"\" title=\"\" data-src=\"https:\/\/scet.ect.ufrn.br\/2018\/wp-content\/uploads\/2017\/04\/semana-cet-2015-3.jpg\" data-recalc-dims=\"1\" \/>\n\n\n\t<img class=\"ms-thumb\" src=\"https:\/\/i0.wp.com\/scet.ect.ufrn.br\/2018\/wp-content\/uploads\/2017\/04\/semana-cet-2015-3-140x80.jpg?resize=140%2C80&#038;ssl=1\" alt=\"\" data-recalc-dims=\"1\" \/>\n\t<div class=\"ms-thumb\" ><div class=\"ms-tab-context\"><div class=&quot;ms-tab-context&quot;><\/div><\/div>\n<\/div>\n\t\t\t\t<\/div>\n\t\t\t\t<div  class=\"ms-slide\" data-delay=\"3\" data-fill-mode=\"fill\"  >\n\t\t\t\t\t<img src=\"https:\/\/i0.wp.com\/scet.ect.ufrn.br\/2018\/wp-content\/plugins\/master-slider\/public\/assets\/css\/blank.gif?w=640&#038;ssl=1\" alt=\"\" title=\"\" data-src=\"https:\/\/scet.ect.ufrn.br\/2018\/wp-content\/uploads\/2017\/04\/2015.jpg\" data-recalc-dims=\"1\" \/>\n\n\n\t<img class=\"ms-thumb\" src=\"https:\/\/i0.wp.com\/scet.ect.ufrn.br\/2018\/wp-content\/uploads\/2017\/04\/2015-140x80.jpg?resize=140%2C80&#038;ssl=1\" alt=\"\" data-recalc-dims=\"1\" \/>\n\t<div class=\"ms-thumb\" ><div class=\"ms-tab-context\"><div class=&quot;ms-tab-context&quot;><\/div><\/div>\n<\/div>\n\t\t\t\t<\/div>\n\t\t\t\t<div  class=\"ms-slide\" data-delay=\"3\" data-fill-mode=\"fill\"  >\n\t\t\t\t\t<img src=\"https:\/\/i0.wp.com\/scet.ect.ufrn.br\/2018\/wp-content\/plugins\/master-slider\/public\/assets\/css\/blank.gif?w=640&#038;ssl=1\" alt=\"\" title=\"\" data-src=\"https:\/\/scet.ect.ufrn.br\/2018\/wp-content\/uploads\/2017\/04\/2015-k.jpg\" data-recalc-dims=\"1\" \/>\n\n\n\t<img class=\"ms-thumb\" src=\"https:\/\/i0.wp.com\/scet.ect.ufrn.br\/2018\/wp-content\/uploads\/2017\/04\/2015-k-140x80.jpg?resize=140%2C80&#038;ssl=1\" alt=\"\" data-recalc-dims=\"1\" \/>\n\t<div class=\"ms-thumb\" ><div class=\"ms-tab-context\"><div class=&quot;ms-tab-context&quot;><\/div><\/div>\n<\/div>\n\t\t\t\t<\/div>\n\t\t\t\t<div  class=\"ms-slide\" data-delay=\"3\" data-fill-mode=\"fill\"  >\n\t\t\t\t\t<img src=\"https:\/\/i0.wp.com\/scet.ect.ufrn.br\/2018\/wp-content\/plugins\/master-slider\/public\/assets\/css\/blank.gif?w=640&#038;ssl=1\" alt=\"\" title=\"\" data-src=\"https:\/\/scet.ect.ufrn.br\/2018\/wp-content\/uploads\/2017\/05\/Segundo-Desafio-da-ECT-UFRN-.-No-Brain-No-Gain-2015.jpg\" data-recalc-dims=\"1\" \/>\n\n\n\t<img class=\"ms-thumb\" src=\"https:\/\/i0.wp.com\/scet.ect.ufrn.br\/2018\/wp-content\/uploads\/2017\/05\/Segundo-Desafio-da-ECT-UFRN-.-No-Brain-No-Gain-2015-140x80.jpg?resize=140%2C80&#038;ssl=1\" alt=\"\" data-recalc-dims=\"1\" \/>\n\t<div class=\"ms-thumb\" ><div class=\"ms-tab-context\"><div class=&quot;ms-tab-context&quot;><\/div><\/div>\n<\/div>\n\t\t\t\t<\/div>\n\t\t\t\t<div  class=\"ms-slide\" data-delay=\"3\" data-fill-mode=\"fill\"  >\n\t\t\t\t\t<img src=\"https:\/\/i0.wp.com\/scet.ect.ufrn.br\/2018\/wp-content\/plugins\/master-slider\/public\/assets\/css\/blank.gif?w=640&#038;ssl=1\" alt=\"\" title=\"\" data-src=\"https:\/\/scet.ect.ufrn.br\/2018\/wp-content\/uploads\/2017\/05\/Expositores-do-I-Semin\u00e1rio-de-Meio-Ambiente-e-Desenvolvimento-Urbano-2015.jpg\" data-recalc-dims=\"1\" \/>\n\n\n\t<img class=\"ms-thumb\" src=\"https:\/\/i0.wp.com\/scet.ect.ufrn.br\/2018\/wp-content\/uploads\/2017\/05\/Expositores-do-I-Semin\u00e1rio-de-Meio-Ambiente-e-Desenvolvimento-Urbano-2015-140x80.jpg?resize=140%2C80&#038;ssl=1\" alt=\"\" data-recalc-dims=\"1\" \/>\n\t<div class=\"ms-thumb\" ><div class=\"ms-tab-context\"><div class=&quot;ms-tab-context&quot;><\/div><\/div>\n<\/div>\n\t\t\t\t<\/div>\n\t\t\t\t<div  class=\"ms-slide\" data-delay=\"3\" data-fill-mode=\"fill\"  >\n\t\t\t\t\t<img src=\"https:\/\/i0.wp.com\/scet.ect.ufrn.br\/2018\/wp-content\/plugins\/master-slider\/public\/assets\/css\/blank.gif?w=640&#038;ssl=1\" alt=\"\" title=\"\" data-src=\"https:\/\/scet.ect.ufrn.br\/2018\/wp-content\/uploads\/2017\/05\/abertura-2015.jpg\" data-recalc-dims=\"1\" \/>\n\n\n\t<img class=\"ms-thumb\" src=\"https:\/\/i0.wp.com\/scet.ect.ufrn.br\/2018\/wp-content\/uploads\/2017\/05\/abertura-2015-140x80.jpg?resize=140%2C80&#038;ssl=1\" alt=\"\" data-recalc-dims=\"1\" \/>\n\t<div class=\"ms-thumb\" ><div class=\"ms-tab-context\"><div class=&quot;ms-tab-context&quot;><\/div><\/div>\n<\/div>\n\t\t\t\t<\/div>\n\t\t\t\t<div  class=\"ms-slide\" data-delay=\"3\" data-fill-mode=\"fill\"  >\n\t\t\t\t\t<img src=\"https:\/\/i0.wp.com\/scet.ect.ufrn.br\/2018\/wp-content\/plugins\/master-slider\/public\/assets\/css\/blank.gif?w=640&#038;ssl=1\" alt=\"\" title=\"\" data-src=\"https:\/\/scet.ect.ufrn.br\/2018\/wp-content\/uploads\/2017\/05\/abertura-2015-m.jpg\" data-recalc-dims=\"1\" \/>\n\n\n\t<img class=\"ms-thumb\" src=\"https:\/\/i0.wp.com\/scet.ect.ufrn.br\/2018\/wp-content\/uploads\/2017\/05\/abertura-2015-m-140x80.jpg?resize=140%2C80&#038;ssl=1\" alt=\"\" data-recalc-dims=\"1\" \/>\n\t<div class=\"ms-thumb\" ><div class=\"ms-tab-context\"><div class=&quot;ms-tab-context&quot;><\/div><\/div>\n<\/div>\n\t\t\t\t<\/div>\n\t\t\t\t<div  class=\"ms-slide\" data-delay=\"3\" data-fill-mode=\"fill\"  >\n\t\t\t\t\t<img src=\"https:\/\/i0.wp.com\/scet.ect.ufrn.br\/2018\/wp-content\/plugins\/master-slider\/public\/assets\/css\/blank.gif?w=640&#038;ssl=1\" alt=\"\" title=\"\" data-src=\"https:\/\/scet.ect.ufrn.br\/2018\/wp-content\/uploads\/2017\/05\/abertura-2015-ggg.jpg\" data-recalc-dims=\"1\" \/>\n\n\n\t<img class=\"ms-thumb\" src=\"https:\/\/i0.wp.com\/scet.ect.ufrn.br\/2018\/wp-content\/uploads\/2017\/05\/abertura-2015-ggg-140x80.jpg?resize=140%2C80&#038;ssl=1\" alt=\"\" data-recalc-dims=\"1\" \/>\n\t<div class=\"ms-thumb\" ><div class=\"ms-tab-context\"><div class=&quot;ms-tab-context&quot;><\/div><\/div>\n<\/div>\n\t\t\t\t<\/div>\n\t\t\t\t<div  class=\"ms-slide\" data-delay=\"3\" data-fill-mode=\"fill\"  >\n\t\t\t\t\t<img src=\"https:\/\/i0.wp.com\/scet.ect.ufrn.br\/2018\/wp-content\/plugins\/master-slider\/public\/assets\/css\/blank.gif?w=640&#038;ssl=1\" alt=\"\" title=\"\" data-src=\"https:\/\/scet.ect.ufrn.br\/2018\/wp-content\/uploads\/2017\/05\/abertura-2015-2.jpg\" data-recalc-dims=\"1\" \/>\n\n\n\t<img class=\"ms-thumb\" src=\"https:\/\/i0.wp.com\/scet.ect.ufrn.br\/2018\/wp-content\/uploads\/2017\/05\/abertura-2015-2-140x80.jpg?resize=140%2C80&#038;ssl=1\" alt=\"\" data-recalc-dims=\"1\" \/>\n\t<div class=\"ms-thumb\" ><div class=\"ms-tab-context\"><div class=&quot;ms-tab-context&quot;><\/div><\/div>\n<\/div>\n\t\t\t\t<\/div>\n\t\t\t\t<div  class=\"ms-slide\" data-delay=\"3\" data-fill-mode=\"fill\"  >\n\t\t\t\t\t<img src=\"https:\/\/i0.wp.com\/scet.ect.ufrn.br\/2018\/wp-content\/plugins\/master-slider\/public\/assets\/css\/blank.gif?w=640&#038;ssl=1\" alt=\"\" title=\"\" data-src=\"https:\/\/scet.ect.ufrn.br\/2018\/wp-content\/uploads\/2017\/05\/abertura-2015-3.jpg\" data-recalc-dims=\"1\" \/>\n\n\n\t<img class=\"ms-thumb\" src=\"https:\/\/i0.wp.com\/scet.ect.ufrn.br\/2018\/wp-content\/uploads\/2017\/05\/abertura-2015-3-140x80.jpg?resize=140%2C80&#038;ssl=1\" alt=\"\" data-recalc-dims=\"1\" \/>\n\t<div class=\"ms-thumb\" ><div class=\"ms-tab-context\"><div class=&quot;ms-tab-context&quot;><\/div><\/div>\n<\/div>\n\t\t\t\t<\/div>\n\n\t\t\t<\/div>\n\t\t\t<!-- END MasterSlider Main -->\n\n\t\t\t \n\t\t<\/div>\n\t\t<!-- END MasterSlider -->\n\n\t\t<script>\n\t\t(function ( $ ) {\n\t\t\t\"use strict\";\n\n\t\t\t$(function () {\n\t\t\t\tvar masterslider_2598 = new MasterSlider();\n\n\t\t\t\t\/\/ slider controls\n\t\t\t\tmasterslider_2598.control('arrows'     ,{ autohide:false, overVideo:true  });\t\t\t\tmasterslider_2598.control('bullets'    ,{ autohide:false, overVideo:true, dir:'h', align:'bottom' , margin:10  });\n\n\t\t\t\tmasterslider_2598.control('thumblist'  ,{ autohide:false, overVideo:true, dir:'h', speed:17, inset:false, arrows:false, hover:false, customClass:'', align:'bottom',type:'thumbs', margin:5, width:140, height:80, space:5, fillMode:'fill'  });\n\t\t\t\t\/\/ slider setup\n\t\t\t\tmasterslider_2598.setup(\"MS69d6bddf32598\", {\n\t\t\t\t\t\twidth           : 800,\n\t\t\t\t\t\theight          : 480,\n\t\t\t\t\t\tminHeight       : 0,\n\t\t\t\t\t\tspace           : 0,\n\t\t\t\t\t\tstart           : 1,\n\t\t\t\t\t\tgrabCursor      : true,\n\t\t\t\t\t\tswipe           : true,\n\t\t\t\t\t\tmouse           : true,\n\t\t\t\t\t\tlayout          : \"boxed\",\n\t\t\t\t\t\twheel           : false,\n\t\t\t\t\t\tautoplay        : true,\n\t\t\t\t\t\tinstantStartLayers:false,\n\t\t\t\t\t\tloop            : true,\n\t\t\t\t\t\tshuffle         : false,\n\t\t\t\t\t\tpreload         : 0,\n\t\t\t\t\t\theightLimit     : true,\n\t\t\t\t\t\tautoHeight      : false,\n\t\t\t\t\t\tsmoothHeight    : true,\n\t\t\t\t\t\tendPause        : false,\n\t\t\t\t\t\toverPause       : true,\n\t\t\t\t\t\tfillMode        : \"fill\",\n\t\t\t\t\t\tcenterControls  : true,\n\t\t\t\t\t\tstartOnAppear   : false,\n\t\t\t\t\t\tlayersMode      : \"center\",\n\t\t\t\t\t\thideLayers      : false,\n\t\t\t\t\t\tfullscreenMargin: 0,\n\t\t\t\t\t\tspeed           : 20,\n\t\t\t\t\t\tdir             : \"h\",\n\t\t\t\t\t\tparallaxMode    : 'swipe',\n\t\t\t\t\t\tview            : \"basic\"\n\t\t\t\t});\n\n\t\t\t\t\n\t\t\t\twindow.masterslider_instances = window.masterslider_instances || [];\n\t\t\t\twindow.masterslider_instances.push( masterslider_2598 );\n\t\t\t });\n\n\t\t})(jQuery);\n\t\t<\/script>\n\n\n","protected":false},"excerpt":{"rendered":"<p>Nos dias 10 a 13 de novembro de 2016 \u00a0foi realizado na Escola de Ci\u00eancias e Tecnologia a IV Semana De Ci\u00eancias e Tecnologia.Durante o evento houve uma programa\u00e7\u00e3o variada e entre as atividades realizadas estavam: o I Semin\u00e1rio de&#8230;<\/p>\n","protected":false},"author":1,"featured_media":136,"parent":0,"menu_order":0,"comment_status":"closed","ping_status":"closed","template":"page-templates\/template-rooms.php","meta":{"pg_page_styles":[],"advanced_seo_description":"","jetpack_seo_html_title":"","jetpack_seo_noindex":false,"jetpack_post_was_ever_published":false,"footnotes":""},"jetpack_sharing_enabled":true,"jetpack_shortlink":"https:\/\/wp.me\/P8DRDj-1J","jetpack-related-posts":[{"id":91,"url":"https:\/\/scet.ect.ufrn.br\/2018\/index.php\/programacao\/","url_meta":{"origin":107,"position":0},"title":"Programa\u00e7\u00e3o","author":"comcet","date":"17 de abril de 2017","format":false,"excerpt":"VI Semana de Ci\u00eancias & Tecnologia da EC&T\u00a0 Ci\u00eancia, Tecnologia, Inova\u00e7\u00e3o e Cidadania a servi\u00e7o da sociedade PROGRAMA\u00c7\u00c3O 06 DE NOVEMBRO (TER\u00c7A-FEIRA) 8h \u00e0s 12h CREDENCIAMENTO 14h ABERTURA 15h SESS\u00c3O ORAL 1 SESS\u00c3O ORAL 2 MOSTRA DE PROFISS\u00d5ES 16h Local: Sala 8 (15h \u00e0s 17h) Local: Sala 9 (15h \u00e0s\u2026","rel":"","context":"Post similar","block_context":{"text":"Post similar","link":""},"img":{"alt_text":"","src":"","width":0,"height":0},"classes":[]},{"id":229,"url":"https:\/\/scet.ect.ufrn.br\/2018\/index.php\/sobre-o-evento-2\/","url_meta":{"origin":107,"position":1},"title":"Integrando e compartilhando Ci\u00eancias e Tecnologia","author":"comcet","date":"26 de abril de 2017","format":false,"excerpt":"Com vistas \u00e0 divulga\u00e7\u00e3o da sua produ\u00e7\u00e3o acad\u00eamica, bem como a integra\u00e7\u00e3o dos saberes produzidos pelos seus grupos de pesquisa, a Escola de Ci\u00eancias e Tecnologia\u00a0(ECT) da Universidade Federal do Rio Grande do Norte\u00a0(UFRN) realiza, anualmente, desde 2012, a Semana de Ci\u00eancias e Tecnologia (SC&T). A SC&T \u00e9 um evento\u2026","rel":"","context":"Post similar","block_context":{"text":"Post similar","link":""},"img":{"alt_text":"","src":"https:\/\/i0.wp.com\/scet.ect.ufrn.br\/2018\/wp-content\/uploads\/2017\/04\/centro-de-tecnologia1-300x225.jpg?resize=350%2C200","width":350,"height":200},"classes":[]},{"id":101,"url":"https:\/\/scet.ect.ufrn.br\/2018\/index.php\/palestras\/","url_meta":{"origin":107,"position":2},"title":"Palestras","author":"comcet","date":"17 de abril de 2017","format":false,"excerpt":"Data Hor\u00e1rio Local Palestrante \/ Respons\u00e1vel Tema VAGAS Resumo Palestras Palestra 1 06\/11 17 as 18h Aud D \u00a0Prof. Kepler Borges Fran\u00e7a - UFCG Dessaliniza\u00e7\u00e3o de \u00c1guas. 140 -- Palestra 2 06\/11 20 as 21h Aud D Prof. Cl\u00e1udio Silva - DCO\/UFRN Direito Digital, Regula\u00e7\u00e3o e Telecomunica\u00e7\u00f5es 140 -- Palestra\u2026","rel":"","context":"Post similar","block_context":{"text":"Post similar","link":""},"img":{"alt_text":"","src":"","width":0,"height":0},"classes":[]},{"id":1150,"url":"https:\/\/scet.ect.ufrn.br\/2018\/index.php\/kepler-borges-franca\/","url_meta":{"origin":107,"position":3},"title":"Kepler Borges Fran\u00e7a","author":"comcet","date":"15 de outubro de 2018","format":false,"excerpt":"T\u00edtulo da Palestra: Dessaliniza\u00e7\u00e3o de \u00c1guas Resumo: -- Local de Realiza\u00e7\u00e3o: Aud D Data de In\u00edcio: 06\/11\/2018 Data de T\u00e9rmino: 06\/11\/2018 Hor\u00e1rio: 17 as 18h Carga Hor\u00e1ria: -- N\u00famero de Vagas: 140 Sobre o(a) Palestrante: Kepler Borges Fran\u00e7a Engenheiro Qu\u00edmico pela Universidade Federal da Para\u00edba, concluiu seu doutorado na University\u2026","rel":"","context":"Post similar","block_context":{"text":"Post similar","link":""},"img":{"alt_text":"","src":"https:\/\/i0.wp.com\/scet.ect.ufrn.br\/2018\/wp-content\/uploads\/2018\/10\/keplerborgesfranca.jpg?fit=335%2C307&ssl=1&resize=350%2C200","width":350,"height":200},"classes":[]},{"id":1145,"url":"https:\/\/scet.ect.ufrn.br\/2018\/index.php\/fabiana-monte-de-macedo\/","url_meta":{"origin":107,"position":4},"title":"Fabiana Monte de Macedo","author":"comcet","date":"15 de outubro de 2018","format":false,"excerpt":"T\u00edtulo da Palestra: Perfil do Engenheiro 4.0 Resumo: -- Local de Realiza\u00e7\u00e3o: Aud D Data de In\u00edcio: 08\/11\/2018 Data de T\u00e9rmino: 08\/11\/2018 Hor\u00e1rio: 19 as 20h Carga Hor\u00e1ria: -- N\u00famero de Vagas: 140 \u00a0 Sobre o(a) Palestrante: Fabiana Monte de Macedo Engenheira de Materiais, P\u00f3s-Graduada em Gest\u00e3o de Projetos, P\u00f3s-Graduada\u2026","rel":"","context":"Post similar","block_context":{"text":"Post similar","link":""},"img":{"alt_text":"","src":"https:\/\/i0.wp.com\/scet.ect.ufrn.br\/2018\/wp-content\/uploads\/2018\/10\/Fabiana-Monte-de-Macedo.png?fit=768%2C1024&ssl=1&resize=350%2C200","width":350,"height":200,"srcset":"https:\/\/i0.wp.com\/scet.ect.ufrn.br\/2018\/wp-content\/uploads\/2018\/10\/Fabiana-Monte-de-Macedo.png?fit=768%2C1024&ssl=1&resize=350%2C200 1x, https:\/\/i0.wp.com\/scet.ect.ufrn.br\/2018\/wp-content\/uploads\/2018\/10\/Fabiana-Monte-de-Macedo.png?fit=768%2C1024&ssl=1&resize=525%2C300 1.5x, https:\/\/i0.wp.com\/scet.ect.ufrn.br\/2018\/wp-content\/uploads\/2018\/10\/Fabiana-Monte-de-Macedo.png?fit=768%2C1024&ssl=1&resize=700%2C400 2x"},"classes":[]},{"id":1148,"url":"https:\/\/scet.ect.ufrn.br\/2018\/index.php\/marcus-vinicius-lia-fook\/","url_meta":{"origin":107,"position":5},"title":"Marcus Vinicius Lia Fook","author":"comcet","date":"15 de outubro de 2018","format":false,"excerpt":"T\u00edtulo da Palestra: CERTBIO: Experi\u00eancia de um Laborat\u00f3rio Acreditado Resumo: -- Local de Realiza\u00e7\u00e3o: Aud D Data de In\u00edcio: 07\/11\/2018 Data de T\u00e9rmino: 07\/11\/2018 Hor\u00e1rio: 19 as 20h Carga Hor\u00e1ria: -- N\u00famero de Vagas: 140 Sobre o(a) Palestrante: Marcus Vinicius Lia Fook Possui Gradua\u00e7\u00e3o em Engenharia Qu\u00edmica pela Universidade Federal\u2026","rel":"","context":"Post similar","block_context":{"text":"Post similar","link":""},"img":{"alt_text":"","src":"https:\/\/i0.wp.com\/scet.ect.ufrn.br\/2018\/wp-content\/uploads\/2018\/10\/Marcus-Vinicius-Lia-Fook-1.jpg?fit=900%2C1200&ssl=1&resize=350%2C200","width":350,"height":200,"srcset":"https:\/\/i0.wp.com\/scet.ect.ufrn.br\/2018\/wp-content\/uploads\/2018\/10\/Marcus-Vinicius-Lia-Fook-1.jpg?fit=900%2C1200&ssl=1&resize=350%2C200 1x, https:\/\/i0.wp.com\/scet.ect.ufrn.br\/2018\/wp-content\/uploads\/2018\/10\/Marcus-Vinicius-Lia-Fook-1.jpg?fit=900%2C1200&ssl=1&resize=525%2C300 1.5x, https:\/\/i0.wp.com\/scet.ect.ufrn.br\/2018\/wp-content\/uploads\/2018\/10\/Marcus-Vinicius-Lia-Fook-1.jpg?fit=900%2C1200&ssl=1&resize=700%2C400 2x"},"classes":[]}],"_links":{"self":[{"href":"https:\/\/scet.ect.ufrn.br\/2018\/index.php\/wp-json\/wp\/v2\/pages\/107"}],"collection":[{"href":"https:\/\/scet.ect.ufrn.br\/2018\/index.php\/wp-json\/wp\/v2\/pages"}],"about":[{"href":"https:\/\/scet.ect.ufrn.br\/2018\/index.php\/wp-json\/wp\/v2\/types\/page"}],"author":[{"embeddable":true,"href":"https:\/\/scet.ect.ufrn.br\/2018\/index.php\/wp-json\/wp\/v2\/users\/1"}],"replies":[{"embeddable":true,"href":"https:\/\/scet.ect.ufrn.br\/2018\/index.php\/wp-json\/wp\/v2\/comments?post=107"}],"version-history":[{"count":10,"href":"https:\/\/scet.ect.ufrn.br\/2018\/index.php\/wp-json\/wp\/v2\/pages\/107\/revisions"}],"predecessor-version":[{"id":1263,"href":"https:\/\/scet.ect.ufrn.br\/2018\/index.php\/wp-json\/wp\/v2\/pages\/107\/revisions\/1263"}],"wp:featuredmedia":[{"embeddable":true,"href":"https:\/\/scet.ect.ufrn.br\/2018\/index.php\/wp-json\/wp\/v2\/media\/136"}],"wp:attachment":[{"href":"https:\/\/scet.ect.ufrn.br\/2018\/index.php\/wp-json\/wp\/v2\/media?parent=107"}],"curies":[{"name":"wp","href":"https:\/\/api.w.org\/{rel}","templated":true}]}}