{"id":110,"date":"2017-04-17T11:04:41","date_gmt":"2017-04-17T14:04:41","guid":{"rendered":"http:\/\/scet.ect.ufrn.br\/?page_id=110"},"modified":"2017-05-17T19:11:26","modified_gmt":"2017-05-17T22:11:26","slug":"iii-edicao","status":"publish","type":"page","link":"https:\/\/scet.ect.ufrn.br\/2018\/index.php\/iii-edicao\/","title":{"rendered":"III Edi\u00e7\u00e3o"},"content":{"rendered":"<h2 style=\"text-align: center;\">Galeria de Fotos<\/h2>\n\n\t\t<!-- MasterSlider -->\n\t\t<div id=\"P_MS69d6e4852a412\" class=\"master-slider-parent msl ms-parent-id-2\" style=\"max-width:800px;\">\n\n\t\t\t\n\t\t\t<!-- MasterSlider Main -->\n\t\t\t<div id=\"MS69d6e4852a412\" class=\"master-slider ms-skin-default\" >\n\t\t\t\t \t\t\t\t \n\t\t\t\t<div  class=\"ms-slide\" data-delay=\"3\" data-fill-mode=\"fill\"  >\n\t\t\t\t\t<img src=\"https:\/\/i0.wp.com\/scet.ect.ufrn.br\/2018\/wp-content\/plugins\/master-slider\/public\/assets\/css\/blank.gif?w=640&#038;ssl=1\" alt=\"\" title=\"\" data-src=\"https:\/\/scet.ect.ufrn.br\/2018\/wp-content\/uploads\/2017\/04\/Abertura-semana-2014.jpg\" data-recalc-dims=\"1\" \/>\n\n\n\t<img class=\"ms-thumb\" src=\"https:\/\/i0.wp.com\/scet.ect.ufrn.br\/2018\/wp-content\/uploads\/2017\/04\/Abertura-semana-2014-140x80.jpg?resize=140%2C80&#038;ssl=1\" alt=\"\" data-recalc-dims=\"1\" \/>\n\t<div class=\"ms-thumb\" ><div class=\"ms-tab-context\"><div class=&quot;ms-tab-context&quot;><\/div><\/div>\n<\/div>\n\t\t\t\t<\/div>\n\t\t\t\t<div  class=\"ms-slide\" data-delay=\"3\" data-fill-mode=\"fill\"  >\n\t\t\t\t\t<img src=\"https:\/\/i0.wp.com\/scet.ect.ufrn.br\/2018\/wp-content\/plugins\/master-slider\/public\/assets\/css\/blank.gif?w=640&#038;ssl=1\" alt=\"\" title=\"\" data-src=\"https:\/\/scet.ect.ufrn.br\/2018\/wp-content\/uploads\/2017\/05\/Primeiro-Desafio-da-ECT-UFRN-.-No-Brain-No2014.jpg\" data-recalc-dims=\"1\" \/>\n\n\n\t<img class=\"ms-thumb\" src=\"https:\/\/i0.wp.com\/scet.ect.ufrn.br\/2018\/wp-content\/uploads\/2017\/05\/Primeiro-Desafio-da-ECT-UFRN-.-No-Brain-No2014-140x80.jpg?resize=140%2C80&#038;ssl=1\" alt=\"\" data-recalc-dims=\"1\" \/>\n\t<div class=\"ms-thumb\" ><div class=\"ms-tab-context\"><div class=&quot;ms-tab-context&quot;><\/div><\/div>\n<\/div>\n\t\t\t\t<\/div>\n\t\t\t\t<div  class=\"ms-slide\" data-delay=\"3\" data-fill-mode=\"fill\"  >\n\t\t\t\t\t<img src=\"https:\/\/i0.wp.com\/scet.ect.ufrn.br\/2018\/wp-content\/plugins\/master-slider\/public\/assets\/css\/blank.gif?w=640&#038;ssl=1\" alt=\"\" title=\"\" data-src=\"https:\/\/scet.ect.ufrn.br\/2018\/wp-content\/uploads\/2017\/05\/Primeiro-Desafio-da-ECT-UFRN-.-No-Brain-2014.jpg\" data-recalc-dims=\"1\" \/>\n\n\n\t<img class=\"ms-thumb\" src=\"https:\/\/i0.wp.com\/scet.ect.ufrn.br\/2018\/wp-content\/uploads\/2017\/05\/Primeiro-Desafio-da-ECT-UFRN-.-No-Brain-2014-140x80.jpg?resize=140%2C80&#038;ssl=1\" alt=\"\" data-recalc-dims=\"1\" \/>\n\t<div class=\"ms-thumb\" ><div class=\"ms-tab-context\"><div class=&quot;ms-tab-context&quot;><\/div><\/div>\n<\/div>\n\t\t\t\t<\/div>\n\t\t\t\t<div  class=\"ms-slide\" data-delay=\"3\" data-fill-mode=\"fill\"  >\n\t\t\t\t\t<img src=\"https:\/\/i0.wp.com\/scet.ect.ufrn.br\/2018\/wp-content\/plugins\/master-slider\/public\/assets\/css\/blank.gif?w=640&#038;ssl=1\" alt=\"\" title=\"\" data-src=\"https:\/\/scet.ect.ufrn.br\/2018\/wp-content\/uploads\/2017\/05\/Primeiro-Desafio-da-ECT-2014.jpg\" data-recalc-dims=\"1\" \/>\n\n\n\t<img class=\"ms-thumb\" src=\"https:\/\/i0.wp.com\/scet.ect.ufrn.br\/2018\/wp-content\/uploads\/2017\/05\/Primeiro-Desafio-da-ECT-2014-140x80.jpg?resize=140%2C80&#038;ssl=1\" alt=\"\" data-recalc-dims=\"1\" \/>\n\t<div class=\"ms-thumb\" ><div class=\"ms-tab-context\"><div class=&quot;ms-tab-context&quot;><\/div><\/div>\n<\/div>\n\t\t\t\t<\/div>\n\n\t\t\t<\/div>\n\t\t\t<!-- END MasterSlider Main -->\n\n\t\t\t \n\t\t<\/div>\n\t\t<!-- END MasterSlider -->\n\n\t\t<script>\n\t\t(function ( $ ) {\n\t\t\t\"use strict\";\n\n\t\t\t$(function () {\n\t\t\t\tvar masterslider_a412 = new MasterSlider();\n\n\t\t\t\t\/\/ slider controls\n\t\t\t\tmasterslider_a412.control('arrows'     ,{ autohide:false, overVideo:true  });\t\t\t\tmasterslider_a412.control('bullets'    ,{ autohide:false, overVideo:true, dir:'h', align:'bottom' , margin:10  });\n\n\t\t\t\tmasterslider_a412.control('thumblist'  ,{ autohide:false, overVideo:true, dir:'h', speed:17, inset:false, arrows:false, hover:false, customClass:'', align:'bottom',type:'thumbs', margin:5, width:140, height:80, space:5, fillMode:'fill'  });\n\t\t\t\t\/\/ slider setup\n\t\t\t\tmasterslider_a412.setup(\"MS69d6e4852a412\", {\n\t\t\t\t\t\twidth           : 800,\n\t\t\t\t\t\theight          : 480,\n\t\t\t\t\t\tminHeight       : 0,\n\t\t\t\t\t\tspace           : 0,\n\t\t\t\t\t\tstart           : 1,\n\t\t\t\t\t\tgrabCursor      : true,\n\t\t\t\t\t\tswipe           : true,\n\t\t\t\t\t\tmouse           : true,\n\t\t\t\t\t\tlayout          : \"boxed\",\n\t\t\t\t\t\twheel           : false,\n\t\t\t\t\t\tautoplay        : true,\n\t\t\t\t\t\tinstantStartLayers:false,\n\t\t\t\t\t\tloop            : true,\n\t\t\t\t\t\tshuffle         : false,\n\t\t\t\t\t\tpreload         : 0,\n\t\t\t\t\t\theightLimit     : true,\n\t\t\t\t\t\tautoHeight      : false,\n\t\t\t\t\t\tsmoothHeight    : true,\n\t\t\t\t\t\tendPause        : false,\n\t\t\t\t\t\toverPause       : true,\n\t\t\t\t\t\tfillMode        : \"fill\",\n\t\t\t\t\t\tcenterControls  : true,\n\t\t\t\t\t\tstartOnAppear   : false,\n\t\t\t\t\t\tlayersMode      : \"center\",\n\t\t\t\t\t\thideLayers      : false,\n\t\t\t\t\t\tfullscreenMargin: 0,\n\t\t\t\t\t\tspeed           : 20,\n\t\t\t\t\t\tdir             : \"h\",\n\t\t\t\t\t\tparallaxMode    : 'swipe',\n\t\t\t\t\t\tview            : \"basic\"\n\t\t\t\t});\n\n\t\t\t\t\n\t\t\t\twindow.masterslider_instances = window.masterslider_instances || [];\n\t\t\t\twindow.masterslider_instances.push( masterslider_a412 );\n\t\t\t });\n\n\t\t})(jQuery);\n\t\t<\/script>\n\n\n","protected":false},"excerpt":{"rendered":"<p>Galeria de Fotos<\/p>\n","protected":false},"author":1,"featured_media":131,"parent":0,"menu_order":1,"comment_status":"closed","ping_status":"closed","template":"page-templates\/template-rooms.php","meta":{"pg_page_styles":[],"advanced_seo_description":"","jetpack_seo_html_title":"","jetpack_seo_noindex":false,"jetpack_post_was_ever_published":false,"footnotes":""},"jetpack_sharing_enabled":true,"jetpack_shortlink":"https:\/\/wp.me\/P8DRDj-1M","jetpack-related-posts":[{"id":112,"url":"https:\/\/scet.ect.ufrn.br\/2018\/index.php\/ii-edicao\/","url_meta":{"origin":110,"position":0},"title":"II Edi\u00e7\u00e3o","author":"comcet","date":"17 de abril de 2017","format":false,"excerpt":"Galeria de Fotos","rel":"","context":"Post similar","block_context":{"text":"Post similar","link":""},"img":{"alt_text":"","src":"https:\/\/i0.wp.com\/scet.ect.ufrn.br\/2018\/wp-content\/uploads\/2017\/04\/SEMANA-DE-CT-2013.jpg?fit=960%2C720&ssl=1&resize=350%2C200","width":350,"height":200,"srcset":"https:\/\/i0.wp.com\/scet.ect.ufrn.br\/2018\/wp-content\/uploads\/2017\/04\/SEMANA-DE-CT-2013.jpg?fit=960%2C720&ssl=1&resize=350%2C200 1x, https:\/\/i0.wp.com\/scet.ect.ufrn.br\/2018\/wp-content\/uploads\/2017\/04\/SEMANA-DE-CT-2013.jpg?fit=960%2C720&ssl=1&resize=525%2C300 1.5x, https:\/\/i0.wp.com\/scet.ect.ufrn.br\/2018\/wp-content\/uploads\/2017\/04\/SEMANA-DE-CT-2013.jpg?fit=960%2C720&ssl=1&resize=700%2C400 2x"},"classes":[]},{"id":107,"url":"https:\/\/scet.ect.ufrn.br\/2018\/index.php\/iv-edicao\/","url_meta":{"origin":110,"position":1},"title":"IV Edi\u00e7ao","author":"comcet","date":"17 de abril de 2017","format":false,"excerpt":"Nos dias 10 a 13 de novembro de 2016 \u00a0foi realizado na Escola de Ci\u00eancias e Tecnologia a IV Semana De Ci\u00eancias e Tecnologia.Durante o evento houve uma programa\u00e7\u00e3o variada e entre as atividades realizadas estavam: o I Semin\u00e1rio de meio ambiente e desenvolvimento urbano - cidades e solu\u00e7\u00f5es, Visita\u2026","rel":"","context":"Post similar","block_context":{"text":"Post similar","link":""},"img":{"alt_text":"","src":"https:\/\/i0.wp.com\/scet.ect.ufrn.br\/2018\/wp-content\/uploads\/2017\/04\/2015-k.jpg?fit=1200%2C675&ssl=1&resize=350%2C200","width":350,"height":200,"srcset":"https:\/\/i0.wp.com\/scet.ect.ufrn.br\/2018\/wp-content\/uploads\/2017\/04\/2015-k.jpg?fit=1200%2C675&ssl=1&resize=350%2C200 1x, https:\/\/i0.wp.com\/scet.ect.ufrn.br\/2018\/wp-content\/uploads\/2017\/04\/2015-k.jpg?fit=1200%2C675&ssl=1&resize=525%2C300 1.5x, https:\/\/i0.wp.com\/scet.ect.ufrn.br\/2018\/wp-content\/uploads\/2017\/04\/2015-k.jpg?fit=1200%2C675&ssl=1&resize=700%2C400 2x, https:\/\/i0.wp.com\/scet.ect.ufrn.br\/2018\/wp-content\/uploads\/2017\/04\/2015-k.jpg?fit=1200%2C675&ssl=1&resize=1050%2C600 3x"},"classes":[]},{"id":864,"url":"https:\/\/scet.ect.ufrn.br\/2018\/index.php\/864-2\/","url_meta":{"origin":110,"position":2},"title":"Post Sem T\u00ectulo","author":"comcet","date":"1 de junho de 2017","format":false,"excerpt":"","rel":"","context":"Post similar","block_context":{"text":"Post similar","link":""},"img":{"alt_text":"","src":"","width":0,"height":0},"classes":[]},{"id":1148,"url":"https:\/\/scet.ect.ufrn.br\/2018\/index.php\/marcus-vinicius-lia-fook\/","url_meta":{"origin":110,"position":3},"title":"Marcus Vinicius Lia Fook","author":"comcet","date":"15 de outubro de 2018","format":false,"excerpt":"T\u00edtulo da Palestra: CERTBIO: Experi\u00eancia de um Laborat\u00f3rio Acreditado Resumo: -- Local de Realiza\u00e7\u00e3o: Aud D Data de In\u00edcio: 07\/11\/2018 Data de T\u00e9rmino: 07\/11\/2018 Hor\u00e1rio: 19 as 20h Carga Hor\u00e1ria: -- N\u00famero de Vagas: 140 Sobre o(a) Palestrante: Marcus Vinicius Lia Fook Possui Gradua\u00e7\u00e3o em Engenharia Qu\u00edmica pela Universidade Federal\u2026","rel":"","context":"Post similar","block_context":{"text":"Post similar","link":""},"img":{"alt_text":"","src":"https:\/\/i0.wp.com\/scet.ect.ufrn.br\/2018\/wp-content\/uploads\/2018\/10\/Marcus-Vinicius-Lia-Fook-1.jpg?fit=900%2C1200&ssl=1&resize=350%2C200","width":350,"height":200,"srcset":"https:\/\/i0.wp.com\/scet.ect.ufrn.br\/2018\/wp-content\/uploads\/2018\/10\/Marcus-Vinicius-Lia-Fook-1.jpg?fit=900%2C1200&ssl=1&resize=350%2C200 1x, https:\/\/i0.wp.com\/scet.ect.ufrn.br\/2018\/wp-content\/uploads\/2018\/10\/Marcus-Vinicius-Lia-Fook-1.jpg?fit=900%2C1200&ssl=1&resize=525%2C300 1.5x, https:\/\/i0.wp.com\/scet.ect.ufrn.br\/2018\/wp-content\/uploads\/2018\/10\/Marcus-Vinicius-Lia-Fook-1.jpg?fit=900%2C1200&ssl=1&resize=700%2C400 2x"},"classes":[]},{"id":585,"url":"https:\/\/scet.ect.ufrn.br\/2018\/index.php\/teste-de-programacao\/","url_meta":{"origin":110,"position":4},"title":"Teste de Programa\u00e7\u00e3o","author":"comcet","date":"17 de maio de 2017","format":false,"excerpt":"","rel":"","context":"Post similar","block_context":{"text":"Post similar","link":""},"img":{"alt_text":"","src":"","width":0,"height":0},"classes":[]},{"id":105,"url":"https:\/\/scet.ect.ufrn.br\/2018\/index.php\/mostra-de-profissoes\/","url_meta":{"origin":110,"position":5},"title":"Mostra de profiss\u00f5es","author":"comcet","date":"17 de abril de 2017","format":false,"excerpt":"Data Hor\u00e1rio Local Palestrante \/ Respons\u00e1vel Tema VAGAS Resumo Mostra de profiss\u00f5es MP 1 06\/11 15 as 18h sala 1, 2 e 3 Mecatr\u00f4nica\/ Petr\u00f3leo\/ Materiais -- MP 2 07\/11 19 as 22h sala 1, 2 e 3 Biom\u00e9dica\/ Telecom\/ Mec\u00e2nica -- MP 3 08\/11 17 as 19h sala 1\u2026","rel":"","context":"Post similar","block_context":{"text":"Post similar","link":""},"img":{"alt_text":"","src":"","width":0,"height":0},"classes":[]}],"_links":{"self":[{"href":"https:\/\/scet.ect.ufrn.br\/2018\/index.php\/wp-json\/wp\/v2\/pages\/110"}],"collection":[{"href":"https:\/\/scet.ect.ufrn.br\/2018\/index.php\/wp-json\/wp\/v2\/pages"}],"about":[{"href":"https:\/\/scet.ect.ufrn.br\/2018\/index.php\/wp-json\/wp\/v2\/types\/page"}],"author":[{"embeddable":true,"href":"https:\/\/scet.ect.ufrn.br\/2018\/index.php\/wp-json\/wp\/v2\/users\/1"}],"replies":[{"embeddable":true,"href":"https:\/\/scet.ect.ufrn.br\/2018\/index.php\/wp-json\/wp\/v2\/comments?post=110"}],"version-history":[{"count":2,"href":"https:\/\/scet.ect.ufrn.br\/2018\/index.php\/wp-json\/wp\/v2\/pages\/110\/revisions"}],"predecessor-version":[{"id":562,"href":"https:\/\/scet.ect.ufrn.br\/2018\/index.php\/wp-json\/wp\/v2\/pages\/110\/revisions\/562"}],"wp:featuredmedia":[{"embeddable":true,"href":"https:\/\/scet.ect.ufrn.br\/2018\/index.php\/wp-json\/wp\/v2\/media\/131"}],"wp:attachment":[{"href":"https:\/\/scet.ect.ufrn.br\/2018\/index.php\/wp-json\/wp\/v2\/media?parent=110"}],"curies":[{"name":"wp","href":"https:\/\/api.w.org\/{rel}","templated":true}]}}