{"id":1123,"date":"2018-09-20T14:06:23","date_gmt":"2018-09-20T17:06:23","guid":{"rendered":"http:\/\/scet.ect.ufrn.br\/?page_id=1123"},"modified":"2018-10-08T14:40:06","modified_gmt":"2018-10-08T17:40:06","slug":"chamada-de-trabalhos-2","status":"publish","type":"page","link":"https:\/\/scet.ect.ufrn.br\/2018\/index.php\/chamada-de-trabalhos-2\/","title":{"rendered":"Chamada de Trabalhos"},"content":{"rendered":"<h2>Datas e Prazos<\/h2>\n<p>&#8211; Prazo para os autores submeterem trabalhos:\u00a0<strong>20 de setembro a 15 de outubro de 2018<\/strong><\/p>\n<p>&#8211;\u00a0<em><a href=\"http:\/\/ect.ufrn.br\/images\/2018.2\/Arquivos\/modelo-resumo-expandido-semana-CeT.docx\">Modelo de submissao dos resumos expandidos.<\/a><\/em><\/p>\n<p>&#8211; Prazo final para divulga\u00e7\u00e3o da avalia\u00e7\u00e3o dos trabalhos:\u00a0<strong>at<\/strong><strong>\u00e9 22 Outubro de 2018<\/strong><\/p>\n<p>&#8211; Prazo para os autores reenviarem os trabalhos corrigidos para avalia\u00e7\u00e3o final:\u00a0<strong>at\u00e9 22 de outubro de 2018.<\/strong><\/p>\n<p>&#8211; Prazo para divulga\u00e7\u00e3o do aceite final:\u00a0<strong>25 de outubro de 2018.<\/strong><\/p>\n<p>-In\u00edcio das inscri\u00e7\u00f5es:\u00a0<strong>15 de outubro de 2018.<\/strong><\/p>\n<p>-Per\u00edodo do evento:<strong>\u00a06 a 8 de novembro de 2018.<\/strong><\/p>\n","protected":false},"excerpt":{"rendered":"<p>Datas e Prazos &#8211; Prazo para os autores submeterem trabalhos:\u00a020 de setembro a 15 de outubro de 2018 &#8211;\u00a0Modelo de submissao dos resumos expandidos. &#8211; Prazo final para divulga\u00e7\u00e3o da avalia\u00e7\u00e3o dos trabalhos:\u00a0at\u00e9 22 Outubro de 2018 &#8211; Prazo para&#8230;<\/p>\n","protected":false},"author":1,"featured_media":0,"parent":0,"menu_order":0,"comment_status":"closed","ping_status":"closed","template":"","meta":{"pg_page_styles":[],"advanced_seo_description":"","jetpack_seo_html_title":"","jetpack_seo_noindex":false,"jetpack_post_was_ever_published":false,"footnotes":""},"jetpack_sharing_enabled":true,"jetpack_shortlink":"https:\/\/wp.me\/P8DRDj-i7","jetpack-related-posts":[{"id":1053,"url":"https:\/\/scet.ect.ufrn.br\/2018\/index.php\/certificados\/","url_meta":{"origin":1123,"position":0},"title":"V Semana de Ci\u00eancias e Tecnologia \u2013 2017","author":"comcet","date":"5 de setembro de 2017","format":false,"excerpt":"Para baix\u00e1-los \u00e9 necess\u00e1rio seguir os passos a seguir: 1. Acesse o link correspondente \u00e0 sua atividade: Certificados de participa\u00e7\u00e3o (Palestras, Mostras, Abertura, Encerramento, Minicursos, Sess\u00f5es T\u00e9cnicas e ECT cultural) Certificados do Desafio No Brain, No Gain Certificado de apresenta\u00e7\u00e3o de trabalhos Certificado de participa\u00e7\u00e3o na comiss\u00e3o organizadora 2. Abra\u2026","rel":"","context":"Post similar","block_context":{"text":"Post similar","link":""},"img":{"alt_text":"","src":"","width":0,"height":0},"classes":[]},{"id":107,"url":"https:\/\/scet.ect.ufrn.br\/2018\/index.php\/iv-edicao\/","url_meta":{"origin":1123,"position":1},"title":"IV Edi\u00e7ao","author":"comcet","date":"17 de abril de 2017","format":false,"excerpt":"Nos dias 10 a 13 de novembro de 2016 \u00a0foi realizado na Escola de Ci\u00eancias e Tecnologia a IV Semana De Ci\u00eancias e Tecnologia.Durante o evento houve uma programa\u00e7\u00e3o variada e entre as atividades realizadas estavam: o I Semin\u00e1rio de meio ambiente e desenvolvimento urbano - cidades e solu\u00e7\u00f5es, Visita\u2026","rel":"","context":"Post similar","block_context":{"text":"Post similar","link":""},"img":{"alt_text":"","src":"https:\/\/i0.wp.com\/scet.ect.ufrn.br\/2018\/wp-content\/uploads\/2017\/04\/2015-k.jpg?fit=1200%2C675&ssl=1&resize=350%2C200","width":350,"height":200,"srcset":"https:\/\/i0.wp.com\/scet.ect.ufrn.br\/2018\/wp-content\/uploads\/2017\/04\/2015-k.jpg?fit=1200%2C675&ssl=1&resize=350%2C200 1x, https:\/\/i0.wp.com\/scet.ect.ufrn.br\/2018\/wp-content\/uploads\/2017\/04\/2015-k.jpg?fit=1200%2C675&ssl=1&resize=525%2C300 1.5x, https:\/\/i0.wp.com\/scet.ect.ufrn.br\/2018\/wp-content\/uploads\/2017\/04\/2015-k.jpg?fit=1200%2C675&ssl=1&resize=700%2C400 2x, https:\/\/i0.wp.com\/scet.ect.ufrn.br\/2018\/wp-content\/uploads\/2017\/04\/2015-k.jpg?fit=1200%2C675&ssl=1&resize=1050%2C600 3x"},"classes":[]},{"id":229,"url":"https:\/\/scet.ect.ufrn.br\/2018\/index.php\/sobre-o-evento-2\/","url_meta":{"origin":1123,"position":2},"title":"Integrando e compartilhando Ci\u00eancias e Tecnologia","author":"comcet","date":"26 de abril de 2017","format":false,"excerpt":"Com vistas \u00e0 divulga\u00e7\u00e3o da sua produ\u00e7\u00e3o acad\u00eamica, bem como a integra\u00e7\u00e3o dos saberes produzidos pelos seus grupos de pesquisa, a Escola de Ci\u00eancias e Tecnologia\u00a0(ECT) da Universidade Federal do Rio Grande do Norte\u00a0(UFRN) realiza, anualmente, desde 2012, a Semana de Ci\u00eancias e Tecnologia (SC&T). A SC&T \u00e9 um evento\u2026","rel":"","context":"Post similar","block_context":{"text":"Post similar","link":""},"img":{"alt_text":"","src":"https:\/\/i0.wp.com\/scet.ect.ufrn.br\/2018\/wp-content\/uploads\/2017\/04\/centro-de-tecnologia1-300x225.jpg?resize=350%2C200","width":350,"height":200},"classes":[]},{"id":756,"url":"https:\/\/scet.ect.ufrn.br\/2018\/index.php\/sessoes-orais\/","url_meta":{"origin":1123,"position":3},"title":"Sess\u00f5es Orais","author":"comcet","date":"25 de maio de 2017","format":false,"excerpt":"Data Hor\u00e1rio Local Palestrante \/ Respons\u00e1vel Tema VAGAS Resumo Sess\u00f5es orais SO 1 06\/11 15 as 17h Sala 8 \u00a0Educa\u00e7\u00e3o\u00a0 e Tecnologias 50 Ver SO1 SO2 06\/11 15 as 17h Sala 9 \u00a0Qu\u00edmica e\u00a0 e Tecnologias 50 Ver SO2 SO 3 07\/11 20 as 22h Sala 8 \u00a0Inform\u00e1tica e Tecnologias\u2026","rel":"","context":"Post similar","block_context":{"text":"Post similar","link":""},"img":{"alt_text":"","src":"","width":0,"height":0},"classes":[]},{"id":206,"url":"https:\/\/scet.ect.ufrn.br\/2018\/index.php\/minicursos\/","url_meta":{"origin":1123,"position":4},"title":"Minicursos","author":"comcet","date":"18 de abril de 2017","format":false,"excerpt":"Data Hor\u00e1rio Local Palestrante \/ Respons\u00e1vel Tema VAGAS Resumo Minicursos MC 1 06\/11 19 \u00e0s 22h Sala 6 Prof. Lauro Wanderley Meller IRON MAIDEN: Uma Jornada atrav\u00e9s da Hist\u00f3ria. 60 -- MC 2 06\/11 19 \u00e0s 22h Sala 7 \u00a0Mestrando do PPgCTI Julio Mariano de Oliveira Neto Design Thinking. Metodologia\u2026","rel":"","context":"Post similar","block_context":{"text":"Post similar","link":""},"img":{"alt_text":"","src":"","width":0,"height":0},"classes":[]},{"id":1148,"url":"https:\/\/scet.ect.ufrn.br\/2018\/index.php\/marcus-vinicius-lia-fook\/","url_meta":{"origin":1123,"position":5},"title":"Marcus Vinicius Lia Fook","author":"comcet","date":"15 de outubro de 2018","format":false,"excerpt":"T\u00edtulo da Palestra: CERTBIO: Experi\u00eancia de um Laborat\u00f3rio Acreditado Resumo: -- Local de Realiza\u00e7\u00e3o: Aud D Data de In\u00edcio: 07\/11\/2018 Data de T\u00e9rmino: 07\/11\/2018 Hor\u00e1rio: 19 as 20h Carga Hor\u00e1ria: -- N\u00famero de Vagas: 140 Sobre o(a) Palestrante: Marcus Vinicius Lia Fook Possui Gradua\u00e7\u00e3o em Engenharia Qu\u00edmica pela Universidade Federal\u2026","rel":"","context":"Post similar","block_context":{"text":"Post similar","link":""},"img":{"alt_text":"","src":"https:\/\/i0.wp.com\/scet.ect.ufrn.br\/2018\/wp-content\/uploads\/2018\/10\/Marcus-Vinicius-Lia-Fook-1.jpg?fit=900%2C1200&ssl=1&resize=350%2C200","width":350,"height":200,"srcset":"https:\/\/i0.wp.com\/scet.ect.ufrn.br\/2018\/wp-content\/uploads\/2018\/10\/Marcus-Vinicius-Lia-Fook-1.jpg?fit=900%2C1200&ssl=1&resize=350%2C200 1x, https:\/\/i0.wp.com\/scet.ect.ufrn.br\/2018\/wp-content\/uploads\/2018\/10\/Marcus-Vinicius-Lia-Fook-1.jpg?fit=900%2C1200&ssl=1&resize=525%2C300 1.5x, https:\/\/i0.wp.com\/scet.ect.ufrn.br\/2018\/wp-content\/uploads\/2018\/10\/Marcus-Vinicius-Lia-Fook-1.jpg?fit=900%2C1200&ssl=1&resize=700%2C400 2x"},"classes":[]}],"_links":{"self":[{"href":"https:\/\/scet.ect.ufrn.br\/2018\/index.php\/wp-json\/wp\/v2\/pages\/1123"}],"collection":[{"href":"https:\/\/scet.ect.ufrn.br\/2018\/index.php\/wp-json\/wp\/v2\/pages"}],"about":[{"href":"https:\/\/scet.ect.ufrn.br\/2018\/index.php\/wp-json\/wp\/v2\/types\/page"}],"author":[{"embeddable":true,"href":"https:\/\/scet.ect.ufrn.br\/2018\/index.php\/wp-json\/wp\/v2\/users\/1"}],"replies":[{"embeddable":true,"href":"https:\/\/scet.ect.ufrn.br\/2018\/index.php\/wp-json\/wp\/v2\/comments?post=1123"}],"version-history":[{"count":4,"href":"https:\/\/scet.ect.ufrn.br\/2018\/index.php\/wp-json\/wp\/v2\/pages\/1123\/revisions"}],"predecessor-version":[{"id":1142,"href":"https:\/\/scet.ect.ufrn.br\/2018\/index.php\/wp-json\/wp\/v2\/pages\/1123\/revisions\/1142"}],"wp:attachment":[{"href":"https:\/\/scet.ect.ufrn.br\/2018\/index.php\/wp-json\/wp\/v2\/media?parent=1123"}],"curies":[{"name":"wp","href":"https:\/\/api.w.org\/{rel}","templated":true}]}}