{"id":1129,"date":"2018-09-20T14:18:38","date_gmt":"2018-09-20T17:18:38","guid":{"rendered":"http:\/\/scet.ect.ufrn.br\/?page_id=1129"},"modified":"2018-09-20T14:23:03","modified_gmt":"2018-09-20T17:23:03","slug":"certificados-2018","status":"publish","type":"page","link":"https:\/\/scet.ect.ufrn.br\/2018\/index.php\/certificados-2018\/","title":{"rendered":"VI Semana de Ci\u00eancias e Tecnologia &#8211; 2018"},"content":{"rendered":"<h1 style=\"text-align: center;\">N\u00c3O DISPON\u00cdVEL<\/h1>\n<p style=\"text-align: center;\">Os certificados da VI Semana de Ci\u00eancias e Tecnologia ainda n\u00e3o est\u00e3o dispon\u00edveis.<\/p>\n","protected":false},"excerpt":{"rendered":"<p>N\u00c3O DISPON\u00cdVEL Os certificados da VI Semana de Ci\u00eancias e Tecnologia ainda n\u00e3o est\u00e3o dispon\u00edveis.<\/p>\n","protected":false},"author":1,"featured_media":0,"parent":0,"menu_order":0,"comment_status":"closed","ping_status":"closed","template":"","meta":{"pg_page_styles":[],"advanced_seo_description":"","jetpack_seo_html_title":"","jetpack_seo_noindex":false,"jetpack_post_was_ever_published":false,"footnotes":""},"jetpack_sharing_enabled":true,"jetpack_shortlink":"https:\/\/wp.me\/P8DRDj-id","jetpack-related-posts":[{"id":229,"url":"https:\/\/scet.ect.ufrn.br\/2018\/index.php\/sobre-o-evento-2\/","url_meta":{"origin":1129,"position":0},"title":"Integrando e compartilhando Ci\u00eancias e Tecnologia","author":"comcet","date":"26 de abril de 2017","format":false,"excerpt":"Com vistas \u00e0 divulga\u00e7\u00e3o da sua produ\u00e7\u00e3o acad\u00eamica, bem como a integra\u00e7\u00e3o dos saberes produzidos pelos seus grupos de pesquisa, a Escola de Ci\u00eancias e Tecnologia\u00a0(ECT) da Universidade Federal do Rio Grande do Norte\u00a0(UFRN) realiza, anualmente, desde 2012, a Semana de Ci\u00eancias e Tecnologia (SC&T). A SC&T \u00e9 um evento\u2026","rel":"","context":"Post similar","block_context":{"text":"Post similar","link":""},"img":{"alt_text":"","src":"https:\/\/i0.wp.com\/scet.ect.ufrn.br\/2018\/wp-content\/uploads\/2017\/04\/centro-de-tecnologia1-300x225.jpg?resize=350%2C200","width":350,"height":200},"classes":[]},{"id":1053,"url":"https:\/\/scet.ect.ufrn.br\/2018\/index.php\/certificados\/","url_meta":{"origin":1129,"position":1},"title":"V Semana de Ci\u00eancias e Tecnologia \u2013 2017","author":"comcet","date":"5 de setembro de 2017","format":false,"excerpt":"Para baix\u00e1-los \u00e9 necess\u00e1rio seguir os passos a seguir: 1. Acesse o link correspondente \u00e0 sua atividade: Certificados de participa\u00e7\u00e3o (Palestras, Mostras, Abertura, Encerramento, Minicursos, Sess\u00f5es T\u00e9cnicas e ECT cultural) Certificados do Desafio No Brain, No Gain Certificado de apresenta\u00e7\u00e3o de trabalhos Certificado de participa\u00e7\u00e3o na comiss\u00e3o organizadora 2. Abra\u2026","rel":"","context":"Post similar","block_context":{"text":"Post similar","link":""},"img":{"alt_text":"","src":"","width":0,"height":0},"classes":[]},{"id":107,"url":"https:\/\/scet.ect.ufrn.br\/2018\/index.php\/iv-edicao\/","url_meta":{"origin":1129,"position":2},"title":"IV Edi\u00e7ao","author":"comcet","date":"17 de abril de 2017","format":false,"excerpt":"Nos dias 10 a 13 de novembro de 2016 \u00a0foi realizado na Escola de Ci\u00eancias e Tecnologia a IV Semana De Ci\u00eancias e Tecnologia.Durante o evento houve uma programa\u00e7\u00e3o variada e entre as atividades realizadas estavam: o I Semin\u00e1rio de meio ambiente e desenvolvimento urbano - cidades e solu\u00e7\u00f5es, Visita\u2026","rel":"","context":"Post similar","block_context":{"text":"Post similar","link":""},"img":{"alt_text":"","src":"https:\/\/i0.wp.com\/scet.ect.ufrn.br\/2018\/wp-content\/uploads\/2017\/04\/2015-k.jpg?fit=1200%2C675&ssl=1&resize=350%2C200","width":350,"height":200,"srcset":"https:\/\/i0.wp.com\/scet.ect.ufrn.br\/2018\/wp-content\/uploads\/2017\/04\/2015-k.jpg?fit=1200%2C675&ssl=1&resize=350%2C200 1x, https:\/\/i0.wp.com\/scet.ect.ufrn.br\/2018\/wp-content\/uploads\/2017\/04\/2015-k.jpg?fit=1200%2C675&ssl=1&resize=525%2C300 1.5x, https:\/\/i0.wp.com\/scet.ect.ufrn.br\/2018\/wp-content\/uploads\/2017\/04\/2015-k.jpg?fit=1200%2C675&ssl=1&resize=700%2C400 2x, https:\/\/i0.wp.com\/scet.ect.ufrn.br\/2018\/wp-content\/uploads\/2017\/04\/2015-k.jpg?fit=1200%2C675&ssl=1&resize=1050%2C600 3x"},"classes":[]},{"id":91,"url":"https:\/\/scet.ect.ufrn.br\/2018\/index.php\/programacao\/","url_meta":{"origin":1129,"position":3},"title":"Programa\u00e7\u00e3o","author":"comcet","date":"17 de abril de 2017","format":false,"excerpt":"VI Semana de Ci\u00eancias & Tecnologia da EC&T\u00a0 Ci\u00eancia, Tecnologia, Inova\u00e7\u00e3o e Cidadania a servi\u00e7o da sociedade PROGRAMA\u00c7\u00c3O 06 DE NOVEMBRO (TER\u00c7A-FEIRA) 8h \u00e0s 12h CREDENCIAMENTO 14h ABERTURA 15h SESS\u00c3O ORAL 1 SESS\u00c3O ORAL 2 MOSTRA DE PROFISS\u00d5ES 16h Local: Sala 8 (15h \u00e0s 17h) Local: Sala 9 (15h \u00e0s\u2026","rel":"","context":"Post similar","block_context":{"text":"Post similar","link":""},"img":{"alt_text":"","src":"","width":0,"height":0},"classes":[]},{"id":129,"url":"https:\/\/scet.ect.ufrn.br\/2018\/index.php\/hero-slider\/","url_meta":{"origin":1129,"position":4},"title":"Hero Image","author":"comcet","date":"17 de abril de 2017","format":false,"excerpt":"6 a 8 de Novembro de 2018\u00a0| Escola de Ci\u00eancias e Tecnologia \u00a0","rel":"","context":"Post similar","block_context":{"text":"Post similar","link":""},"img":{"alt_text":"","src":"https:\/\/i0.wp.com\/scet.ect.ufrn.br\/2018\/wp-content\/uploads\/2017\/04\/Blue-Background-57-HD-Vector.jpg?fit=1200%2C900&ssl=1&resize=350%2C200","width":350,"height":200,"srcset":"https:\/\/i0.wp.com\/scet.ect.ufrn.br\/2018\/wp-content\/uploads\/2017\/04\/Blue-Background-57-HD-Vector.jpg?fit=1200%2C900&ssl=1&resize=350%2C200 1x, https:\/\/i0.wp.com\/scet.ect.ufrn.br\/2018\/wp-content\/uploads\/2017\/04\/Blue-Background-57-HD-Vector.jpg?fit=1200%2C900&ssl=1&resize=525%2C300 1.5x, https:\/\/i0.wp.com\/scet.ect.ufrn.br\/2018\/wp-content\/uploads\/2017\/04\/Blue-Background-57-HD-Vector.jpg?fit=1200%2C900&ssl=1&resize=700%2C400 2x, https:\/\/i0.wp.com\/scet.ect.ufrn.br\/2018\/wp-content\/uploads\/2017\/04\/Blue-Background-57-HD-Vector.jpg?fit=1200%2C900&ssl=1&resize=1050%2C600 3x"},"classes":[]},{"id":756,"url":"https:\/\/scet.ect.ufrn.br\/2018\/index.php\/sessoes-orais\/","url_meta":{"origin":1129,"position":5},"title":"Sess\u00f5es Orais","author":"comcet","date":"25 de maio de 2017","format":false,"excerpt":"Data Hor\u00e1rio Local Palestrante \/ Respons\u00e1vel Tema VAGAS Resumo Sess\u00f5es orais SO 1 06\/11 15 as 17h Sala 8 \u00a0Educa\u00e7\u00e3o\u00a0 e Tecnologias 50 Ver SO1 SO2 06\/11 15 as 17h Sala 9 \u00a0Qu\u00edmica e\u00a0 e Tecnologias 50 Ver SO2 SO 3 07\/11 20 as 22h Sala 8 \u00a0Inform\u00e1tica e Tecnologias\u2026","rel":"","context":"Post similar","block_context":{"text":"Post similar","link":""},"img":{"alt_text":"","src":"","width":0,"height":0},"classes":[]}],"_links":{"self":[{"href":"https:\/\/scet.ect.ufrn.br\/2018\/index.php\/wp-json\/wp\/v2\/pages\/1129"}],"collection":[{"href":"https:\/\/scet.ect.ufrn.br\/2018\/index.php\/wp-json\/wp\/v2\/pages"}],"about":[{"href":"https:\/\/scet.ect.ufrn.br\/2018\/index.php\/wp-json\/wp\/v2\/types\/page"}],"author":[{"embeddable":true,"href":"https:\/\/scet.ect.ufrn.br\/2018\/index.php\/wp-json\/wp\/v2\/users\/1"}],"replies":[{"embeddable":true,"href":"https:\/\/scet.ect.ufrn.br\/2018\/index.php\/wp-json\/wp\/v2\/comments?post=1129"}],"version-history":[{"count":4,"href":"https:\/\/scet.ect.ufrn.br\/2018\/index.php\/wp-json\/wp\/v2\/pages\/1129\/revisions"}],"predecessor-version":[{"id":1135,"href":"https:\/\/scet.ect.ufrn.br\/2018\/index.php\/wp-json\/wp\/v2\/pages\/1129\/revisions\/1135"}],"wp:attachment":[{"href":"https:\/\/scet.ect.ufrn.br\/2018\/index.php\/wp-json\/wp\/v2\/media?parent=1129"}],"curies":[{"name":"wp","href":"https:\/\/api.w.org\/{rel}","templated":true}]}}