{"id":164,"date":"2017-04-18T13:43:27","date_gmt":"2017-04-18T16:43:27","guid":{"rendered":"http:\/\/scet.ect.ufrn.br\/?page_id=164"},"modified":"2017-04-18T14:16:36","modified_gmt":"2017-04-18T17:16:36","slug":"todas-as-edicoes","status":"publish","type":"page","link":"https:\/\/scet.ect.ufrn.br\/2018\/index.php\/todas-as-edicoes\/","title":{"rendered":"Todas as edi\u00e7\u00f5es"},"content":{"rendered":"","protected":false},"excerpt":{"rendered":"","protected":false},"author":1,"featured_media":0,"parent":0,"menu_order":0,"comment_status":"closed","ping_status":"closed","template":"page-templates\/template-rooms-list.php","meta":{"pg_page_styles":[],"advanced_seo_description":"","jetpack_seo_html_title":"","jetpack_seo_noindex":false,"jetpack_post_was_ever_published":false,"footnotes":""},"jetpack_sharing_enabled":true,"jetpack_shortlink":"https:\/\/wp.me\/P8DRDj-2E","jetpack-related-posts":[{"id":206,"url":"https:\/\/scet.ect.ufrn.br\/2018\/index.php\/minicursos\/","url_meta":{"origin":164,"position":0},"title":"Minicursos","author":"comcet","date":"18 de abril de 2017","format":false,"excerpt":"Data Hor\u00e1rio Local Palestrante \/ Respons\u00e1vel Tema VAGAS Resumo Minicursos MC 1 06\/11 19 \u00e0s 22h Sala 6 Prof. Lauro Wanderley Meller IRON MAIDEN: Uma Jornada atrav\u00e9s da Hist\u00f3ria. 60 -- MC 2 06\/11 19 \u00e0s 22h Sala 7 \u00a0Mestrando do PPgCTI Julio Mariano de Oliveira Neto Design Thinking. Metodologia\u2026","rel":"","context":"Post similar","block_context":{"text":"Post similar","link":""},"img":{"alt_text":"","src":"","width":0,"height":0},"classes":[]}],"_links":{"self":[{"href":"https:\/\/scet.ect.ufrn.br\/2018\/index.php\/wp-json\/wp\/v2\/pages\/164"}],"collection":[{"href":"https:\/\/scet.ect.ufrn.br\/2018\/index.php\/wp-json\/wp\/v2\/pages"}],"about":[{"href":"https:\/\/scet.ect.ufrn.br\/2018\/index.php\/wp-json\/wp\/v2\/types\/page"}],"author":[{"embeddable":true,"href":"https:\/\/scet.ect.ufrn.br\/2018\/index.php\/wp-json\/wp\/v2\/users\/1"}],"replies":[{"embeddable":true,"href":"https:\/\/scet.ect.ufrn.br\/2018\/index.php\/wp-json\/wp\/v2\/comments?post=164"}],"version-history":[{"count":1,"href":"https:\/\/scet.ect.ufrn.br\/2018\/index.php\/wp-json\/wp\/v2\/pages\/164\/revisions"}],"predecessor-version":[{"id":165,"href":"https:\/\/scet.ect.ufrn.br\/2018\/index.php\/wp-json\/wp\/v2\/pages\/164\/revisions\/165"}],"wp:attachment":[{"href":"https:\/\/scet.ect.ufrn.br\/2018\/index.php\/wp-json\/wp\/v2\/media?parent=164"}],"curies":[{"name":"wp","href":"https:\/\/api.w.org\/{rel}","templated":true}]}}