{"id":229,"date":"2017-04-26T07:48:53","date_gmt":"2017-04-26T10:48:53","guid":{"rendered":"http:\/\/scet.ect.ufrn.br\/?page_id=229"},"modified":"2017-05-05T14:05:05","modified_gmt":"2017-05-05T17:05:05","slug":"sobre-o-evento-2","status":"publish","type":"page","link":"https:\/\/scet.ect.ufrn.br\/2018\/index.php\/sobre-o-evento-2\/","title":{"rendered":"Integrando e compartilhando Ci\u00eancias e Tecnologia"},"content":{"rendered":"<p><img data-attachment-id=\"430\" data-permalink=\"https:\/\/scet.ect.ufrn.br\/2018\/index.php\/sobre-o-evento-2\/centro-de-tecnologia1\/\" data-orig-file=\"https:\/\/i0.wp.com\/scet.ect.ufrn.br\/2018\/wp-content\/uploads\/2017\/04\/centro-de-tecnologia1.jpg?fit=1600%2C1200&amp;ssl=1\" data-orig-size=\"1600,1200\" data-comments-opened=\"1\" data-image-meta=\"{&quot;aperture&quot;:&quot;0&quot;,&quot;credit&quot;:&quot;&quot;,&quot;camera&quot;:&quot;&quot;,&quot;caption&quot;:&quot;&quot;,&quot;created_timestamp&quot;:&quot;0&quot;,&quot;copyright&quot;:&quot;&quot;,&quot;focal_length&quot;:&quot;0&quot;,&quot;iso&quot;:&quot;0&quot;,&quot;shutter_speed&quot;:&quot;0&quot;,&quot;title&quot;:&quot;&quot;,&quot;orientation&quot;:&quot;0&quot;}\" data-image-title=\"centro-de-tecnologia1\" data-image-description=\"\" data-image-caption=\"\" data-medium-file=\"https:\/\/i0.wp.com\/scet.ect.ufrn.br\/2018\/wp-content\/uploads\/2017\/04\/centro-de-tecnologia1.jpg?fit=300%2C225&amp;ssl=1\" data-large-file=\"https:\/\/i0.wp.com\/scet.ect.ufrn.br\/2018\/wp-content\/uploads\/2017\/04\/centro-de-tecnologia1.jpg?fit=640%2C480&amp;ssl=1\" decoding=\"async\" loading=\"lazy\" class=\" wp-image-430 aligncenter\" src=\"https:\/\/i0.wp.com\/scet.ect.ufrn.br\/2018\/wp-content\/uploads\/2017\/04\/centro-de-tecnologia1.jpg?resize=358%2C268\" alt=\"\" width=\"358\" height=\"268\" srcset=\"https:\/\/i0.wp.com\/scet.ect.ufrn.br\/2018\/wp-content\/uploads\/2017\/04\/centro-de-tecnologia1.jpg?resize=300%2C225&amp;ssl=1 300w, https:\/\/i0.wp.com\/scet.ect.ufrn.br\/2018\/wp-content\/uploads\/2017\/04\/centro-de-tecnologia1.jpg?resize=768%2C576&amp;ssl=1 768w, https:\/\/i0.wp.com\/scet.ect.ufrn.br\/2018\/wp-content\/uploads\/2017\/04\/centro-de-tecnologia1.jpg?resize=1024%2C768&amp;ssl=1 1024w, https:\/\/i0.wp.com\/scet.ect.ufrn.br\/2018\/wp-content\/uploads\/2017\/04\/centro-de-tecnologia1.jpg?resize=400%2C300&amp;ssl=1 400w, https:\/\/i0.wp.com\/scet.ect.ufrn.br\/2018\/wp-content\/uploads\/2017\/04\/centro-de-tecnologia1.jpg?resize=600%2C450&amp;ssl=1 600w, https:\/\/i0.wp.com\/scet.ect.ufrn.br\/2018\/wp-content\/uploads\/2017\/04\/centro-de-tecnologia1.jpg?w=1600&amp;ssl=1 1600w, https:\/\/i0.wp.com\/scet.ect.ufrn.br\/2018\/wp-content\/uploads\/2017\/04\/centro-de-tecnologia1.jpg?w=1280 1280w\" sizes=\"(max-width: 358px) 100vw, 358px\" data-recalc-dims=\"1\" \/><\/p>\n<p>Com vistas \u00e0 divulga\u00e7\u00e3o da sua produ\u00e7\u00e3o acad\u00eamica, bem como a integra\u00e7\u00e3o dos saberes produzidos pelos seus grupos de pesquisa, a Escola de Ci\u00eancias e Tecnologia\u00a0(ECT) da Universidade Federal do Rio Grande do Norte\u00a0(UFRN) realiza, anualmente, desde 2012, a Semana de Ci\u00eancias e Tecnologia (SC&amp;T).<\/p>\n<p>A SC&amp;T \u00e9 um evento aberto \u00e0 comunidade no qual pesquisadores da ECT apresentam resultados de suas a\u00e7\u00f5es de ensino, pesquisa, extens\u00e3o ou inova\u00e7\u00e3o. O evento \u00e9 uma a\u00e7\u00e3o institucional, que tem, entre outros, o objetivo de compartilhar experi\u00eancias acad\u00eamicas, bem como de envolver, de estimular, de esclarecer e de motivar o corpo discente sobre temas relevantes acerca da esfera acad\u00eamico-profissional, ambientados nas diversas \u00e1reas de conhecimento cient\u00edfico, tecnol\u00f3gico e inovativo. No campo docente \u00e9 uma oportunidade de gerar novas parcerias acad\u00eamicas. O evento ainda configura-se como uma vitrine de solu\u00e7\u00f5es cient\u00edfico-tecnol\u00f3gicas para o mercado.<\/p>\n<p>O evento conta com comunica\u00e7\u00f5es orais e apresenta\u00e7\u00e3o de p\u00f4steres, al\u00e9m de palestras, mesas redondas, oficinas, mini cursos e visitas t\u00e9cnicas. Na SC&amp;T ainda acontecem a mostra de profiss\u00f5es e o desafio <em>No Brain, No Gain<\/em>: um jogo de conhecimentos, organizado pelo grupo de tutoria da ECT, que envolve estudantes de todos os per\u00edodos do Bacharelado de Ci\u00eancias e Tecnologia.<\/p>\n<p>&nbsp;<\/p>\n","protected":false},"excerpt":{"rendered":"<p>Com vistas \u00e0 divulga\u00e7\u00e3o da sua produ\u00e7\u00e3o acad\u00eamica, bem como a integra\u00e7\u00e3o dos saberes produzidos pelos seus grupos de pesquisa, a Escola de Ci\u00eancias e Tecnologia\u00a0(ECT) da Universidade Federal do Rio Grande do Norte\u00a0(UFRN) realiza, anualmente, desde 2012, a Semana&#8230;<\/p>\n","protected":false},"author":1,"featured_media":0,"parent":0,"menu_order":0,"comment_status":"closed","ping_status":"closed","template":"","meta":{"pg_page_styles":[],"advanced_seo_description":"","jetpack_seo_html_title":"","jetpack_seo_noindex":false,"jetpack_post_was_ever_published":false,"footnotes":""},"jetpack_sharing_enabled":true,"jetpack_shortlink":"https:\/\/wp.me\/P8DRDj-3H","jetpack-related-posts":[{"id":107,"url":"https:\/\/scet.ect.ufrn.br\/2018\/index.php\/iv-edicao\/","url_meta":{"origin":229,"position":0},"title":"IV Edi\u00e7ao","author":"comcet","date":"17 de abril de 2017","format":false,"excerpt":"Nos dias 10 a 13 de novembro de 2016 \u00a0foi realizado na Escola de Ci\u00eancias e Tecnologia a IV Semana De Ci\u00eancias e Tecnologia.Durante o evento houve uma programa\u00e7\u00e3o variada e entre as atividades realizadas estavam: o I Semin\u00e1rio de meio ambiente e desenvolvimento urbano - cidades e solu\u00e7\u00f5es, Visita\u2026","rel":"","context":"Post similar","block_context":{"text":"Post similar","link":""},"img":{"alt_text":"","src":"https:\/\/i0.wp.com\/scet.ect.ufrn.br\/2018\/wp-content\/uploads\/2017\/04\/2015-k.jpg?fit=1200%2C675&ssl=1&resize=350%2C200","width":350,"height":200,"srcset":"https:\/\/i0.wp.com\/scet.ect.ufrn.br\/2018\/wp-content\/uploads\/2017\/04\/2015-k.jpg?fit=1200%2C675&ssl=1&resize=350%2C200 1x, https:\/\/i0.wp.com\/scet.ect.ufrn.br\/2018\/wp-content\/uploads\/2017\/04\/2015-k.jpg?fit=1200%2C675&ssl=1&resize=525%2C300 1.5x, https:\/\/i0.wp.com\/scet.ect.ufrn.br\/2018\/wp-content\/uploads\/2017\/04\/2015-k.jpg?fit=1200%2C675&ssl=1&resize=700%2C400 2x, https:\/\/i0.wp.com\/scet.ect.ufrn.br\/2018\/wp-content\/uploads\/2017\/04\/2015-k.jpg?fit=1200%2C675&ssl=1&resize=1050%2C600 3x"},"classes":[]},{"id":1129,"url":"https:\/\/scet.ect.ufrn.br\/2018\/index.php\/certificados-2018\/","url_meta":{"origin":229,"position":1},"title":"VI Semana de Ci\u00eancias e Tecnologia &#8211; 2018","author":"comcet","date":"20 de setembro de 2018","format":false,"excerpt":"N\u00c3O DISPON\u00cdVEL Os certificados da VI Semana de Ci\u00eancias e Tecnologia ainda n\u00e3o est\u00e3o dispon\u00edveis.","rel":"","context":"Post similar","block_context":{"text":"Post similar","link":""},"img":{"alt_text":"","src":"","width":0,"height":0},"classes":[]},{"id":129,"url":"https:\/\/scet.ect.ufrn.br\/2018\/index.php\/hero-slider\/","url_meta":{"origin":229,"position":2},"title":"Hero Image","author":"comcet","date":"17 de abril de 2017","format":false,"excerpt":"6 a 8 de Novembro de 2018\u00a0| Escola de Ci\u00eancias e Tecnologia \u00a0","rel":"","context":"Post similar","block_context":{"text":"Post similar","link":""},"img":{"alt_text":"","src":"https:\/\/i0.wp.com\/scet.ect.ufrn.br\/2018\/wp-content\/uploads\/2017\/04\/Blue-Background-57-HD-Vector.jpg?fit=1200%2C900&ssl=1&resize=350%2C200","width":350,"height":200,"srcset":"https:\/\/i0.wp.com\/scet.ect.ufrn.br\/2018\/wp-content\/uploads\/2017\/04\/Blue-Background-57-HD-Vector.jpg?fit=1200%2C900&ssl=1&resize=350%2C200 1x, https:\/\/i0.wp.com\/scet.ect.ufrn.br\/2018\/wp-content\/uploads\/2017\/04\/Blue-Background-57-HD-Vector.jpg?fit=1200%2C900&ssl=1&resize=525%2C300 1.5x, https:\/\/i0.wp.com\/scet.ect.ufrn.br\/2018\/wp-content\/uploads\/2017\/04\/Blue-Background-57-HD-Vector.jpg?fit=1200%2C900&ssl=1&resize=700%2C400 2x, https:\/\/i0.wp.com\/scet.ect.ufrn.br\/2018\/wp-content\/uploads\/2017\/04\/Blue-Background-57-HD-Vector.jpg?fit=1200%2C900&ssl=1&resize=1050%2C600 3x"},"classes":[]},{"id":91,"url":"https:\/\/scet.ect.ufrn.br\/2018\/index.php\/programacao\/","url_meta":{"origin":229,"position":3},"title":"Programa\u00e7\u00e3o","author":"comcet","date":"17 de abril de 2017","format":false,"excerpt":"VI Semana de Ci\u00eancias & Tecnologia da EC&T\u00a0 Ci\u00eancia, Tecnologia, Inova\u00e7\u00e3o e Cidadania a servi\u00e7o da sociedade PROGRAMA\u00c7\u00c3O 06 DE NOVEMBRO (TER\u00c7A-FEIRA) 8h \u00e0s 12h CREDENCIAMENTO 14h ABERTURA 15h SESS\u00c3O ORAL 1 SESS\u00c3O ORAL 2 MOSTRA DE PROFISS\u00d5ES 16h Local: Sala 8 (15h \u00e0s 17h) Local: Sala 9 (15h \u00e0s\u2026","rel":"","context":"Post similar","block_context":{"text":"Post similar","link":""},"img":{"alt_text":"","src":"","width":0,"height":0},"classes":[]},{"id":1053,"url":"https:\/\/scet.ect.ufrn.br\/2018\/index.php\/certificados\/","url_meta":{"origin":229,"position":4},"title":"V Semana de Ci\u00eancias e Tecnologia \u2013 2017","author":"comcet","date":"5 de setembro de 2017","format":false,"excerpt":"Para baix\u00e1-los \u00e9 necess\u00e1rio seguir os passos a seguir: 1. Acesse o link correspondente \u00e0 sua atividade: Certificados de participa\u00e7\u00e3o (Palestras, Mostras, Abertura, Encerramento, Minicursos, Sess\u00f5es T\u00e9cnicas e ECT cultural) Certificados do Desafio No Brain, No Gain Certificado de apresenta\u00e7\u00e3o de trabalhos Certificado de participa\u00e7\u00e3o na comiss\u00e3o organizadora 2. Abra\u2026","rel":"","context":"Post similar","block_context":{"text":"Post similar","link":""},"img":{"alt_text":"","src":"","width":0,"height":0},"classes":[]},{"id":1148,"url":"https:\/\/scet.ect.ufrn.br\/2018\/index.php\/marcus-vinicius-lia-fook\/","url_meta":{"origin":229,"position":5},"title":"Marcus Vinicius Lia Fook","author":"comcet","date":"15 de outubro de 2018","format":false,"excerpt":"T\u00edtulo da Palestra: CERTBIO: Experi\u00eancia de um Laborat\u00f3rio Acreditado Resumo: -- Local de Realiza\u00e7\u00e3o: Aud D Data de In\u00edcio: 07\/11\/2018 Data de T\u00e9rmino: 07\/11\/2018 Hor\u00e1rio: 19 as 20h Carga Hor\u00e1ria: -- N\u00famero de Vagas: 140 Sobre o(a) Palestrante: Marcus Vinicius Lia Fook Possui Gradua\u00e7\u00e3o em Engenharia Qu\u00edmica pela Universidade Federal\u2026","rel":"","context":"Post similar","block_context":{"text":"Post similar","link":""},"img":{"alt_text":"","src":"https:\/\/i0.wp.com\/scet.ect.ufrn.br\/2018\/wp-content\/uploads\/2018\/10\/Marcus-Vinicius-Lia-Fook-1.jpg?fit=900%2C1200&ssl=1&resize=350%2C200","width":350,"height":200,"srcset":"https:\/\/i0.wp.com\/scet.ect.ufrn.br\/2018\/wp-content\/uploads\/2018\/10\/Marcus-Vinicius-Lia-Fook-1.jpg?fit=900%2C1200&ssl=1&resize=350%2C200 1x, https:\/\/i0.wp.com\/scet.ect.ufrn.br\/2018\/wp-content\/uploads\/2018\/10\/Marcus-Vinicius-Lia-Fook-1.jpg?fit=900%2C1200&ssl=1&resize=525%2C300 1.5x, https:\/\/i0.wp.com\/scet.ect.ufrn.br\/2018\/wp-content\/uploads\/2018\/10\/Marcus-Vinicius-Lia-Fook-1.jpg?fit=900%2C1200&ssl=1&resize=700%2C400 2x"},"classes":[]}],"_links":{"self":[{"href":"https:\/\/scet.ect.ufrn.br\/2018\/index.php\/wp-json\/wp\/v2\/pages\/229"}],"collection":[{"href":"https:\/\/scet.ect.ufrn.br\/2018\/index.php\/wp-json\/wp\/v2\/pages"}],"about":[{"href":"https:\/\/scet.ect.ufrn.br\/2018\/index.php\/wp-json\/wp\/v2\/types\/page"}],"author":[{"embeddable":true,"href":"https:\/\/scet.ect.ufrn.br\/2018\/index.php\/wp-json\/wp\/v2\/users\/1"}],"replies":[{"embeddable":true,"href":"https:\/\/scet.ect.ufrn.br\/2018\/index.php\/wp-json\/wp\/v2\/comments?post=229"}],"version-history":[{"count":5,"href":"https:\/\/scet.ect.ufrn.br\/2018\/index.php\/wp-json\/wp\/v2\/pages\/229\/revisions"}],"predecessor-version":[{"id":431,"href":"https:\/\/scet.ect.ufrn.br\/2018\/index.php\/wp-json\/wp\/v2\/pages\/229\/revisions\/431"}],"wp:attachment":[{"href":"https:\/\/scet.ect.ufrn.br\/2018\/index.php\/wp-json\/wp\/v2\/media?parent=229"}],"curies":[{"name":"wp","href":"https:\/\/api.w.org\/{rel}","templated":true}]}}