{"id":60,"date":"2023-09-22T13:17:06","date_gmt":"2023-09-22T16:17:06","guid":{"rendered":"https:\/\/localhost\/public_html\/?page_id=60"},"modified":"2023-09-25T12:53:03","modified_gmt":"2023-09-25T15:53:03","slug":"sobre","status":"publish","type":"page","link":"https:\/\/scet.ect.ufrn.br\/2023\/sobre\/","title":{"rendered":"Sobre"},"content":{"rendered":"\n<p>A Semana de Ci\u00eancias e Tecnologia \u2013 SC&amp;T \u00e9 um evento que ocorre anualmente, tendo sua 1\u00aa edi\u00e7\u00e3o realizada em 2012. Este evento \u00e9 realizado pela Escola de Ci\u00eancias e Tecnologia (ECT\/UFRN) e visa a difus\u00e3o do conhecimento entre alunos de ensino m\u00e9dio e de gradua\u00e7\u00e3o, bem como entre os professores pesquisadores da ECT. Contando com uma m\u00e9dia de 2 mil participantes em sua \u00faltima edi\u00e7\u00e3o, a SC&amp;T consagrou-se como um importante evento t\u00e9cnico-cient\u00edfico no \u00e2mbito da UFRN. Participam professores e alunos da ECT, alunos das escolas de ensino m\u00e9dio que pretendem ingressar no curso de Ci\u00eancias e Tecnologia, professores dos cursos de 2\u00ba ciclo (Centro de Tecnologia \u2013 CT\/UFRN), bem como professores convidados de outras institui\u00e7\u00f5es de ensino superior.<\/p>\n\n\n\n<p>Na sua VII edi\u00e7\u00e3o, em 2023, a SC&amp;T contar\u00e1 com palestras, mesas redondas, mostra de profiss\u00f5es, ECT cultural, minicursos, al\u00e9m da apresenta\u00e7\u00e3o trabalhos t\u00e9cnicos e de pesquisa na forma oral, nas mais diversas \u00e1reas de conhecimento das pesquisas que s\u00e3o desenvolvidas na ECT.<\/p>\n","protected":false},"excerpt":{"rendered":"<p>A Semana de Ci\u00eancias e Tecnologia \u2013 SC&amp;T \u00e9 um evento que ocorre anualmente, tendo sua 1\u00aa edi\u00e7\u00e3o realizada em 2012. Este evento \u00e9 realizado pela Escola de Ci\u00eancias e Tecnologia (ECT\/UFRN) e visa a difus\u00e3o do conhecimento entre alunos de ensino m\u00e9dio e de gradua\u00e7\u00e3o, bem como entre os professores pesquisadores da ECT. Contando &hellip; <\/p>\n","protected":false},"author":1,"featured_media":0,"parent":0,"menu_order":0,"comment_status":"closed","ping_status":"closed","template":"","meta":{"footnotes":""},"class_list":["post-60","page","type-page","status-publish","hentry"],"_links":{"self":[{"href":"https:\/\/scet.ect.ufrn.br\/2023\/wp-json\/wp\/v2\/pages\/60","targetHints":{"allow":["GET"]}}],"collection":[{"href":"https:\/\/scet.ect.ufrn.br\/2023\/wp-json\/wp\/v2\/pages"}],"about":[{"href":"https:\/\/scet.ect.ufrn.br\/2023\/wp-json\/wp\/v2\/types\/page"}],"author":[{"embeddable":true,"href":"https:\/\/scet.ect.ufrn.br\/2023\/wp-json\/wp\/v2\/users\/1"}],"replies":[{"embeddable":true,"href":"https:\/\/scet.ect.ufrn.br\/2023\/wp-json\/wp\/v2\/comments?post=60"}],"version-history":[{"count":2,"href":"https:\/\/scet.ect.ufrn.br\/2023\/wp-json\/wp\/v2\/pages\/60\/revisions"}],"predecessor-version":[{"id":63,"href":"https:\/\/scet.ect.ufrn.br\/2023\/wp-json\/wp\/v2\/pages\/60\/revisions\/63"}],"wp:attachment":[{"href":"https:\/\/scet.ect.ufrn.br\/2023\/wp-json\/wp\/v2\/media?parent=60"}],"curies":[{"name":"wp","href":"https:\/\/api.w.org\/{rel}","templated":true}]}}